{"id":1087,"date":"2024-01-08T13:15:42","date_gmt":"2024-01-08T12:15:42","guid":{"rendered":"https:\/\/pvsid.knorke.de\/mentions-legales\/"},"modified":"2024-01-24T14:27:33","modified_gmt":"2024-01-24T13:27:33","slug":"imprimer","status":"publish","type":"page","link":"https:\/\/www.pvsid.com\/fr\/imprimer\/","title":{"rendered":"Mentions l\u00e9gales"},"content":{"rendered":"\t\t<div data-elementor-type=\"wp-page\" data-elementor-id=\"1087\" class=\"elementor elementor-1087 elementor-574\" data-elementor-post-type=\"page\">\n\t\t\t\t<div class=\"elementor-element elementor-element-5c17bb5 e-flex e-con-boxed e-con e-parent\" data-id=\"5c17bb5\" data-element_type=\"container\" data-e-type=\"container\">\n\t\t\t\t\t<div class=\"e-con-inner\">\n\t\t<div class=\"elementor-element elementor-element-64a8943 e-con-full e-flex e-con e-child\" data-id=\"64a8943\" data-element_type=\"container\" data-e-type=\"container\">\n\t\t\t\t<div class=\"elementor-element elementor-element-ec22f6d elementor-widget elementor-widget-heading\" data-id=\"ec22f6d\" data-element_type=\"widget\" data-e-type=\"widget\" data-widget_type=\"heading.default\">\n\t\t\t\t<div class=\"elementor-widget-container\">\n\t\t\t\t\t<h1 class=\"elementor-heading-title elementor-size-default\">Mentions l\u00e9gales<\/h1>\t\t\t\t<\/div>\n\t\t\t\t<\/div>\n\t\t\t\t<div class=\"elementor-element elementor-element-7256d41 elementor-widget elementor-widget-text-editor\" data-id=\"7256d41\" data-element_type=\"widget\" data-e-type=\"widget\" data-widget_type=\"text-editor.default\">\n\t\t\t\t<div class=\"elementor-widget-container\">\n\t\t\t\t\t\t\t\t\t<p>BRUGG LIFTING AG<br \/>Wydenstrasse 36<br \/>CH-5242 Birr<\/p>\n<p>T <a class=\"contact-link\" href=\"tel:+41564644242\">+41 56 464 42 42<\/a><br \/>F +41 56 464 42 43<br \/>M\u200d <a class=\"contact-link track-contact\" href=\"mailto:info@pvsid.com\">info@pvsid.com<\/a><\/p>\n\t\t\t\t\t\t\t\t<\/div>\n\t\t\t\t<\/div>\n\t\t\t\t<\/div>\n\t\t<div class=\"elementor-element elementor-element-1f357a4 e-con-full e-flex e-con e-child\" data-id=\"1f357a4\" data-element_type=\"container\" data-e-type=\"container\">\n\t\t\t\t<div class=\"elementor-element elementor-element-942e93e elementor-widget elementor-widget-heading\" data-id=\"942e93e\" data-element_type=\"widget\" data-e-type=\"widget\" data-widget_type=\"heading.default\">\n\t\t\t\t<div class=\"elementor-widget-container\">\n\t\t\t\t\t<h2 class=\"elementor-heading-title elementor-size-default\">Mentions l\u00e9gales<\/h2>\t\t\t\t<\/div>\n\t\t\t\t<\/div>\n\t\t\t\t<div class=\"elementor-element elementor-element-3f1ad57 elementor-widget elementor-widget-heading\" data-id=\"3f1ad57\" data-element_type=\"widget\" data-e-type=\"widget\" data-widget_type=\"heading.default\">\n\t\t\t\t<div class=\"elementor-widget-container\">\n\t\t\t\t\t<h3 class=\"elementor-heading-title elementor-size-default\">Clause de non-responsabilit\u00e9<\/h3>\t\t\t\t<\/div>\n\t\t\t\t<\/div>\n\t\t\t\t<div class=\"elementor-element elementor-element-576df97 elementor-widget elementor-widget-text-editor\" data-id=\"576df97\" data-element_type=\"widget\" data-e-type=\"widget\" data-widget_type=\"text-editor.default\">\n\t\t\t\t<div class=\"elementor-widget-container\">\n\t\t\t\t\t\t\t\t\t<p>Le contenu de ce site web est fourni \u00e0 titre d&rsquo;information uniquement et peut \u00eatre modifi\u00e9 \u00e0 tout moment et sans pr\u00e9avis. BRUGG ne garantit pas l&rsquo;exactitude, l&rsquo;exhaustivit\u00e9 et l&rsquo;actualit\u00e9 des informations publi\u00e9es sur ce site. BRUGG d\u00e9cline toute responsabilit\u00e9 en cas de perte ou de dommage de quelque nature que ce soit r\u00e9sultant de l&rsquo;utilisation ou de l&rsquo;acc\u00e8s \u00e0 ce site web.<\/p>\n\t\t\t\t\t\t\t\t<\/div>\n\t\t\t\t<\/div>\n\t\t\t\t<div class=\"elementor-element elementor-element-76bd921 elementor-widget elementor-widget-heading\" data-id=\"76bd921\" data-element_type=\"widget\" data-e-type=\"widget\" data-widget_type=\"heading.default\">\n\t\t\t\t<div class=\"elementor-widget-container\">\n\t\t\t\t\t<h3 class=\"elementor-heading-title elementor-size-default\">Pas d'offre<\/h3>\t\t\t\t<\/div>\n\t\t\t\t<\/div>\n\t\t\t\t<div class=\"elementor-element elementor-element-0b27259 elementor-widget elementor-widget-text-editor\" data-id=\"0b27259\" data-element_type=\"widget\" data-e-type=\"widget\" data-widget_type=\"text-editor.default\">\n\t\t\t\t<div class=\"elementor-widget-container\">\n\t\t\t\t\t\t\t\t\t<p>Les informations publi\u00e9es sur ce site ne constituent ni une recommandation, ni une offre, ni une invitation \u00e0 conclure un quelconque acte juridique.<\/p>\n\t\t\t\t\t\t\t\t<\/div>\n\t\t\t\t<\/div>\n\t\t\t\t<div class=\"elementor-element elementor-element-98fe7c2 elementor-widget elementor-widget-heading\" data-id=\"98fe7c2\" data-element_type=\"widget\" data-e-type=\"widget\" data-widget_type=\"heading.default\">\n\t\t\t\t<div class=\"elementor-widget-container\">\n\t\t\t\t\t<h3 class=\"elementor-heading-title elementor-size-default\">Sites web li\u00e9s (liens)<\/h3>\t\t\t\t<\/div>\n\t\t\t\t<\/div>\n\t\t\t\t<div class=\"elementor-element elementor-element-fa8e6e9 elementor-widget elementor-widget-text-editor\" data-id=\"fa8e6e9\" data-element_type=\"widget\" data-e-type=\"widget\" data-widget_type=\"text-editor.default\">\n\t\t\t\t<div class=\"elementor-widget-container\">\n\t\t\t\t\t\t\t\t\t<p>BRUGG d\u00e9cline toute responsabilit\u00e9 quant \u00e0 l&rsquo;exactitude, l&rsquo;exhaustivit\u00e9 et la l\u00e9galit\u00e9 du contenu des sites web de tiers accessibles via ce site web.<\/p>\n\t\t\t\t\t\t\t\t<\/div>\n\t\t\t\t<\/div>\n\t\t\t\t<div class=\"elementor-element elementor-element-16cb650 elementor-widget elementor-widget-heading\" data-id=\"16cb650\" data-element_type=\"widget\" data-e-type=\"widget\" data-widget_type=\"heading.default\">\n\t\t\t\t<div class=\"elementor-widget-container\">\n\t\t\t\t\t<h3 class=\"elementor-heading-title elementor-size-default\">Utilisation du site web<\/h3>\t\t\t\t<\/div>\n\t\t\t\t<\/div>\n\t\t\t\t<div class=\"elementor-element elementor-element-a4d0575 elementor-widget elementor-widget-text-editor\" data-id=\"a4d0575\" data-element_type=\"widget\" data-e-type=\"widget\" data-widget_type=\"text-editor.default\">\n\t\t\t\t<div class=\"elementor-widget-container\">\n\t\t\t\t\t\t\t\t\t<p>L&rsquo;ensemble du contenu de ce site est prot\u00e9g\u00e9 par les droits d&rsquo;auteur. Tous les droits d&rsquo;auteur appartiennent \u00e0 BRUGG, sauf mention contraire. L&rsquo;utilisation de ce site web \u00e0 des fins autres que personnelles est interdite sans l&rsquo;accord \u00e9crit pr\u00e9alable de BRUGG.<\/p>\n\t\t\t\t\t\t\t\t<\/div>\n\t\t\t\t<\/div>\n\t\t\t\t<div class=\"elementor-element elementor-element-39f02d1 elementor-widget elementor-widget-heading\" data-id=\"39f02d1\" data-element_type=\"widget\" data-e-type=\"widget\" data-widget_type=\"heading.default\">\n\t\t\t\t<div class=\"elementor-widget-container\">\n\t\t\t\t\t<h3 class=\"elementor-heading-title elementor-size-default\">Restrictions l\u00e9gales locales<\/h3>\t\t\t\t<\/div>\n\t\t\t\t<\/div>\n\t\t\t\t<div class=\"elementor-element elementor-element-aa67cde elementor-widget elementor-widget-text-editor\" data-id=\"aa67cde\" data-element_type=\"widget\" data-e-type=\"widget\" data-widget_type=\"text-editor.default\">\n\t\t\t\t<div class=\"elementor-widget-container\">\n\t\t\t\t\t\t\t\t\t<p>Ce site n&rsquo;est pas destin\u00e9 aux personnes relevant d&rsquo;une juridiction interdisant la publication ou l&rsquo;acc\u00e8s \u00e0 ce site (en raison de la nationalit\u00e9 de la personne concern\u00e9e, de son lieu de r\u00e9sidence ou pour toute autre raison). L&rsquo;acc\u00e8s \u00e0 ce site est interdit aux personnes soumises \u00e0 de telles restrictions.<\/p>\n\t\t\t\t\t\t\t\t<\/div>\n\t\t\t\t<\/div>\n\t\t\t\t<div class=\"elementor-element elementor-element-dfbef00 elementor-widget elementor-widget-heading\" data-id=\"dfbef00\" data-element_type=\"widget\" data-e-type=\"widget\" data-widget_type=\"heading.default\">\n\t\t\t\t<div class=\"elementor-widget-container\">\n\t\t\t\t\t<h3 class=\"elementor-heading-title elementor-size-default\">Cookies<\/h3>\t\t\t\t<\/div>\n\t\t\t\t<\/div>\n\t\t\t\t<div class=\"elementor-element elementor-element-3cc9a77 elementor-widget elementor-widget-text-editor\" data-id=\"3cc9a77\" data-element_type=\"widget\" data-e-type=\"widget\" data-widget_type=\"text-editor.default\">\n\t\t\t\t<div class=\"elementor-widget-container\">\n\t\t\t\t\t\t\t\t\t<p>Les pages Internet utilisent en partie ce que l&rsquo;on appelle des cookies. Les cookies n&rsquo;endommagent pas ton ordinateur et ne contiennent pas de virus. Les cookies servent \u00e0 rendre notre offre plus conviviale, plus efficace et plus s\u00fbre. Les cookies sont de petits fichiers texte qui sont d\u00e9pos\u00e9s sur ton ordinateur et que ton navigateur enregistre. La plupart des cookies que nous utilisons sont des \u00ab\u00a0cookies de session\u00a0\u00bb. Elles sont automatiquement supprim\u00e9es \u00e0 la fin de ta visite. D&rsquo;autres cookies restent enregistr\u00e9s sur ton terminal jusqu&rsquo;\u00e0 ce que tu les supprimes. Ces cookies nous permettent de reconna\u00eetre ton navigateur lors de ta prochaine visite. Tu peux configurer ton navigateur de mani\u00e8re \u00e0 \u00eatre inform\u00e9(e) de l&rsquo;installation de cookies et \u00e0 n&rsquo;autoriser les cookies qu&rsquo;au cas par cas, \u00e0 exclure l&rsquo;acceptation de cookies dans certains cas ou de mani\u00e8re g\u00e9n\u00e9rale, et \u00e0 activer la suppression automatique des cookies \u00e0 la fermeture du navigateur. Si les cookies sont d\u00e9sactiv\u00e9s, la fonctionnalit\u00e9 de ce site web peut \u00eatre limit\u00e9e.<\/p>\n<p>Le contenu de ce site web ne peut \u00eatre utilis\u00e9 \u00e0 quelque fin que ce soit qu&rsquo;avec l&rsquo;accord \u00e9crit de Brugg Lifting AG, CH-5200 Brugg.<\/p>\n\t\t\t\t\t\t\t\t<\/div>\n\t\t\t\t<\/div>\n\t\t\t\t<\/div>\n\t\t\t\t\t<\/div>\n\t\t\t\t<\/div>\n\t\t\t\t<\/div>\n\t\t","protected":false},"excerpt":{"rendered":"<p>Mentions l\u00e9gales BRUGG LIFTING AGWydenstrasse 36CH-5242 Birr T +41 56 464 42 42F +41 56 464 42 43M\u200d info@pvsid.com Mentions l\u00e9gales Clause de non-responsabilit\u00e9 Le contenu de ce site web est fourni \u00e0 titre d&rsquo;information uniquement et peut \u00eatre modifi\u00e9 \u00e0 tout moment et sans pr\u00e9avis. BRUGG ne garantit pas l&rsquo;exactitude, l&rsquo;exhaustivit\u00e9 et l&rsquo;actualit\u00e9 des [&hellip;]<\/p>\n","protected":false},"author":1,"featured_media":0,"parent":0,"menu_order":0,"comment_status":"closed","ping_status":"closed","template":"elementor_header_footer","meta":{"footnotes":""},"class_list":["post-1087","page","type-page","status-publish","hentry"],"yoast_head":"<!-- This site is optimized with the Yoast SEO plugin v27.4 - https:\/\/yoast.com\/product\/yoast-seo-wordpress\/ -->\n<title>PVS | Mentions l\u00e9gales<\/title>\n<meta name=\"robots\" content=\"noindex, nofollow\" \/>\n<meta property=\"og:locale\" content=\"fr_FR\" \/>\n<meta property=\"og:type\" content=\"article\" \/>\n<meta property=\"og:title\" content=\"PVS | Mentions l\u00e9gales\" \/>\n<meta property=\"og:description\" content=\"Mentions l\u00e9gales BRUGG LIFTING AGWydenstrasse 36CH-5242 Birr T +41 56 464 42 42F +41 56 464 42 43M\u200d info@pvsid.com Mentions l\u00e9gales Clause de non-responsabilit\u00e9 Le contenu de ce site web est fourni \u00e0 titre d&rsquo;information uniquement et peut \u00eatre modifi\u00e9 \u00e0 tout moment et sans pr\u00e9avis. BRUGG ne garantit pas l&rsquo;exactitude, l&rsquo;exhaustivit\u00e9 et l&rsquo;actualit\u00e9 des [&hellip;]\" \/>\n<meta property=\"og:url\" content=\"https:\/\/www.pvsid.com\/fr\/imprimer\/\" \/>\n<meta property=\"og:site_name\" content=\"PVS\" \/>\n<meta property=\"article:publisher\" content=\"https:\/\/www.facebook.com\/pvs.software\/\" \/>\n<meta property=\"article:modified_time\" content=\"2024-01-24T13:27:33+00:00\" \/>\n<meta name=\"twitter:card\" content=\"summary_large_image\" \/>\n<meta name=\"twitter:label1\" content=\"Dur\u00e9e de lecture estim\u00e9e\" \/>\n\t<meta name=\"twitter:data1\" content=\"2 minutes\" \/>\n<script type=\"application\/ld+json\" class=\"yoast-schema-graph\">{\"@context\":\"https:\\\/\\\/schema.org\",\"@graph\":[{\"@type\":\"WebPage\",\"@id\":\"https:\\\/\\\/www.pvsid.com\\\/fr\\\/imprimer\\\/\",\"url\":\"https:\\\/\\\/www.pvsid.com\\\/fr\\\/imprimer\\\/\",\"name\":\"PVS | Mentions l\u00e9gales\",\"isPartOf\":{\"@id\":\"https:\\\/\\\/www.pvsid.com\\\/fr\\\/#website\"},\"datePublished\":\"2024-01-08T12:15:42+00:00\",\"dateModified\":\"2024-01-24T13:27:33+00:00\",\"breadcrumb\":{\"@id\":\"https:\\\/\\\/www.pvsid.com\\\/fr\\\/imprimer\\\/#breadcrumb\"},\"inLanguage\":\"fr-FR\",\"potentialAction\":[{\"@type\":\"ReadAction\",\"target\":[\"https:\\\/\\\/www.pvsid.com\\\/fr\\\/imprimer\\\/\"]}]},{\"@type\":\"BreadcrumbList\",\"@id\":\"https:\\\/\\\/www.pvsid.com\\\/fr\\\/imprimer\\\/#breadcrumb\",\"itemListElement\":[{\"@type\":\"ListItem\",\"position\":1,\"name\":\"Startseite\",\"item\":\"https:\\\/\\\/www.pvsid.com\\\/fr\\\/\"},{\"@type\":\"ListItem\",\"position\":2,\"name\":\"Mentions l\u00e9gales\"}]},{\"@type\":\"WebSite\",\"@id\":\"https:\\\/\\\/www.pvsid.com\\\/fr\\\/#website\",\"url\":\"https:\\\/\\\/www.pvsid.com\\\/fr\\\/\",\"name\":\"PVS\",\"description\":\"Betriebs\u00admittel verwalten\",\"publisher\":{\"@id\":\"https:\\\/\\\/www.pvsid.com\\\/fr\\\/#organization\"},\"alternateName\":\"Kunden- und Produktverwaltung\",\"potentialAction\":[{\"@type\":\"SearchAction\",\"target\":{\"@type\":\"EntryPoint\",\"urlTemplate\":\"https:\\\/\\\/www.pvsid.com\\\/fr\\\/?s={search_term_string}\"},\"query-input\":{\"@type\":\"PropertyValueSpecification\",\"valueRequired\":true,\"valueName\":\"search_term_string\"}}],\"inLanguage\":\"fr-FR\"},{\"@type\":\"Organization\",\"@id\":\"https:\\\/\\\/www.pvsid.com\\\/fr\\\/#organization\",\"name\":\"PVS\",\"alternateName\":\"Kunden- und Produktverwaltung\",\"url\":\"https:\\\/\\\/www.pvsid.com\\\/fr\\\/\",\"logo\":{\"@type\":\"ImageObject\",\"inLanguage\":\"fr-FR\",\"@id\":\"https:\\\/\\\/www.pvsid.com\\\/fr\\\/#\\\/schema\\\/logo\\\/image\\\/\",\"url\":\"https:\\\/\\\/www.pvsid.com\\\/wp-content\\\/uploads\\\/2023\\\/12\\\/pvs-logo.svg\",\"contentUrl\":\"https:\\\/\\\/www.pvsid.com\\\/wp-content\\\/uploads\\\/2023\\\/12\\\/pvs-logo.svg\",\"width\":110,\"height\":110,\"caption\":\"PVS\"},\"image\":{\"@id\":\"https:\\\/\\\/www.pvsid.com\\\/fr\\\/#\\\/schema\\\/logo\\\/image\\\/\"},\"sameAs\":[\"https:\\\/\\\/www.facebook.com\\\/pvs.software\\\/\",\"https:\\\/\\\/www.youtube.com\\\/@pvs.schenktzeitmachthappy2885\",\"https:\\\/\\\/www.linkedin.com\\\/company\\\/pvs-produkteverwaltungssoftware\\\/\"]}]}<\/script>\n<!-- \/ Yoast SEO plugin. -->","yoast_head_json":{"title":"PVS | Mentions l\u00e9gales","robots":{"index":"noindex","follow":"nofollow"},"og_locale":"fr_FR","og_type":"article","og_title":"PVS | Mentions l\u00e9gales","og_description":"Mentions l\u00e9gales BRUGG LIFTING AGWydenstrasse 36CH-5242 Birr T +41 56 464 42 42F +41 56 464 42 43M\u200d info@pvsid.com Mentions l\u00e9gales Clause de non-responsabilit\u00e9 Le contenu de ce site web est fourni \u00e0 titre d&rsquo;information uniquement et peut \u00eatre modifi\u00e9 \u00e0 tout moment et sans pr\u00e9avis. BRUGG ne garantit pas l&rsquo;exactitude, l&rsquo;exhaustivit\u00e9 et l&rsquo;actualit\u00e9 des [&hellip;]","og_url":"https:\/\/www.pvsid.com\/fr\/imprimer\/","og_site_name":"PVS","article_publisher":"https:\/\/www.facebook.com\/pvs.software\/","article_modified_time":"2024-01-24T13:27:33+00:00","twitter_card":"summary_large_image","twitter_misc":{"Dur\u00e9e de lecture estim\u00e9e":"2 minutes"},"schema":{"@context":"https:\/\/schema.org","@graph":[{"@type":"WebPage","@id":"https:\/\/www.pvsid.com\/fr\/imprimer\/","url":"https:\/\/www.pvsid.com\/fr\/imprimer\/","name":"PVS | Mentions l\u00e9gales","isPartOf":{"@id":"https:\/\/www.pvsid.com\/fr\/#website"},"datePublished":"2024-01-08T12:15:42+00:00","dateModified":"2024-01-24T13:27:33+00:00","breadcrumb":{"@id":"https:\/\/www.pvsid.com\/fr\/imprimer\/#breadcrumb"},"inLanguage":"fr-FR","potentialAction":[{"@type":"ReadAction","target":["https:\/\/www.pvsid.com\/fr\/imprimer\/"]}]},{"@type":"BreadcrumbList","@id":"https:\/\/www.pvsid.com\/fr\/imprimer\/#breadcrumb","itemListElement":[{"@type":"ListItem","position":1,"name":"Startseite","item":"https:\/\/www.pvsid.com\/fr\/"},{"@type":"ListItem","position":2,"name":"Mentions l\u00e9gales"}]},{"@type":"WebSite","@id":"https:\/\/www.pvsid.com\/fr\/#website","url":"https:\/\/www.pvsid.com\/fr\/","name":"PVS","description":"Betriebs\u00admittel verwalten","publisher":{"@id":"https:\/\/www.pvsid.com\/fr\/#organization"},"alternateName":"Kunden- und Produktverwaltung","potentialAction":[{"@type":"SearchAction","target":{"@type":"EntryPoint","urlTemplate":"https:\/\/www.pvsid.com\/fr\/?s={search_term_string}"},"query-input":{"@type":"PropertyValueSpecification","valueRequired":true,"valueName":"search_term_string"}}],"inLanguage":"fr-FR"},{"@type":"Organization","@id":"https:\/\/www.pvsid.com\/fr\/#organization","name":"PVS","alternateName":"Kunden- und Produktverwaltung","url":"https:\/\/www.pvsid.com\/fr\/","logo":{"@type":"ImageObject","inLanguage":"fr-FR","@id":"https:\/\/www.pvsid.com\/fr\/#\/schema\/logo\/image\/","url":"https:\/\/www.pvsid.com\/wp-content\/uploads\/2023\/12\/pvs-logo.svg","contentUrl":"https:\/\/www.pvsid.com\/wp-content\/uploads\/2023\/12\/pvs-logo.svg","width":110,"height":110,"caption":"PVS"},"image":{"@id":"https:\/\/www.pvsid.com\/fr\/#\/schema\/logo\/image\/"},"sameAs":["https:\/\/www.facebook.com\/pvs.software\/","https:\/\/www.youtube.com\/@pvs.schenktzeitmachthappy2885","https:\/\/www.linkedin.com\/company\/pvs-produkteverwaltungssoftware\/"]}]}},"_links":{"self":[{"href":"https:\/\/www.pvsid.com\/fr\/wp-json\/wp\/v2\/pages\/1087","targetHints":{"allow":["GET"]}}],"collection":[{"href":"https:\/\/www.pvsid.com\/fr\/wp-json\/wp\/v2\/pages"}],"about":[{"href":"https:\/\/www.pvsid.com\/fr\/wp-json\/wp\/v2\/types\/page"}],"author":[{"embeddable":true,"href":"https:\/\/www.pvsid.com\/fr\/wp-json\/wp\/v2\/users\/1"}],"replies":[{"embeddable":true,"href":"https:\/\/www.pvsid.com\/fr\/wp-json\/wp\/v2\/comments?post=1087"}],"version-history":[{"count":1,"href":"https:\/\/www.pvsid.com\/fr\/wp-json\/wp\/v2\/pages\/1087\/revisions"}],"predecessor-version":[{"id":4165,"href":"https:\/\/www.pvsid.com\/fr\/wp-json\/wp\/v2\/pages\/1087\/revisions\/4165"}],"wp:attachment":[{"href":"https:\/\/www.pvsid.com\/fr\/wp-json\/wp\/v2\/media?parent=1087"}],"curies":[{"name":"wp","href":"https:\/\/api.w.org\/{rel}","templated":true}]}}