{"id":3349,"date":"2024-01-17T14:15:17","date_gmt":"2024-01-17T13:15:17","guid":{"rendered":"https:\/\/pvsid.knorke.de\/trouver-une-date\/"},"modified":"2024-01-17T14:15:17","modified_gmt":"2024-01-17T13:15:17","slug":"trouver-une-date","status":"publish","type":"page","link":"https:\/\/www.pvsid.com\/fr\/trouver-une-date\/","title":{"rendered":"Trouver une date"},"content":{"rendered":"\t\t<div data-elementor-type=\"wp-page\" data-elementor-id=\"3349\" class=\"elementor elementor-3349 elementor-572\" data-elementor-post-type=\"page\">\n\t\t\t\t<div class=\"elementor-element elementor-element-7f8972b e-flex e-con-boxed e-con e-parent\" data-id=\"7f8972b\" data-element_type=\"container\" data-e-type=\"container\">\n\t\t\t\t\t<div class=\"e-con-inner\">\n\t\t<div class=\"elementor-element elementor-element-a58c1be e-flex e-con-boxed e-con e-child\" data-id=\"a58c1be\" data-element_type=\"container\" data-e-type=\"container\" data-settings=\"{&quot;background_background&quot;:&quot;classic&quot;}\">\n\t\t\t\t\t<div class=\"e-con-inner\">\n\t\t\t\t<div class=\"elementor-element elementor-element-5eae2ce elementor-widget elementor-widget-heading\" data-id=\"5eae2ce\" data-element_type=\"widget\" data-e-type=\"widget\" data-widget_type=\"heading.default\">\n\t\t\t\t<div class=\"elementor-widget-container\">\n\t\t\t\t\t<h1 class=\"elementor-heading-title elementor-size-default\">R\u00e9server une date<\/h1>\t\t\t\t<\/div>\n\t\t\t\t<\/div>\n\t\t\t\t<div class=\"elementor-element elementor-element-c660b3c elementor-widget elementor-widget-text-editor\" data-id=\"c660b3c\" data-element_type=\"widget\" data-e-type=\"widget\" data-widget_type=\"text-editor.default\">\n\t\t\t\t<div class=\"elementor-widget-container\">\n\t\t\t\t\t\t\t\t\t<p>Veuillez choisir un rendez-vous pendant nos heures de bureau g\u00e9n\u00e9rales :<br \/><strong>du lundi au jeudi de 8h00 \u00e0 17h00<\/strong><\/p>\n\t\t\t\t\t\t\t\t<\/div>\n\t\t\t\t<\/div>\n\t\t\t\t<div class=\"elementor-element elementor-element-4d8d8d8 elementor-widget elementor-widget-shortcode\" data-id=\"4d8d8d8\" data-element_type=\"widget\" data-e-type=\"widget\" data-widget_type=\"shortcode.default\">\n\t\t\t\t<div class=\"elementor-widget-container\">\n\t\t\t\t\t\t\t<div class=\"elementor-shortcode\"><p class=\"wpcf7-contact-form-not-found\"><strong>Erreur\u00a0:<\/strong> Formulaire de contact non trouv\u00e9\u00a0!<\/p><\/div>\n\t\t\t\t\t\t<\/div>\n\t\t\t\t<\/div>\n\t\t\t\t\t<\/div>\n\t\t\t\t<\/div>\n\t\t\t\t\t<\/div>\n\t\t\t\t<\/div>\n\t\t\t\t<\/div>\n\t\t","protected":false},"excerpt":{"rendered":"<p>R\u00e9server une date Veuillez choisir un rendez-vous pendant nos heures de bureau g\u00e9n\u00e9rales :du lundi au jeudi de 8h00 \u00e0 17h00<\/p>\n","protected":false},"author":1,"featured_media":0,"parent":0,"menu_order":0,"comment_status":"closed","ping_status":"closed","template":"","meta":{"footnotes":""},"class_list":["post-3349","page","type-page","status-publish","hentry"],"yoast_head":"<!-- This site is optimized with the Yoast SEO plugin v27.4 - https:\/\/yoast.com\/product\/yoast-seo-wordpress\/ -->\n<title>PVS | Trouver une date<\/title>\n<meta name=\"robots\" content=\"index, follow, max-snippet:-1, max-image-preview:large, max-video-preview:-1\" \/>\n<link rel=\"canonical\" href=\"https:\/\/www.pvsid.com\/fr\/trouver-une-date\/\" \/>\n<meta property=\"og:locale\" content=\"fr_FR\" \/>\n<meta property=\"og:type\" content=\"article\" \/>\n<meta property=\"og:title\" content=\"PVS | Trouver une date\" \/>\n<meta property=\"og:description\" content=\"R\u00e9server une date Veuillez choisir un rendez-vous pendant nos heures de bureau g\u00e9n\u00e9rales :du lundi au jeudi de 8h00 \u00e0 17h00\" \/>\n<meta property=\"og:url\" content=\"https:\/\/www.pvsid.com\/fr\/trouver-une-date\/\" \/>\n<meta property=\"og:site_name\" content=\"PVS\" \/>\n<meta property=\"article:publisher\" content=\"https:\/\/www.facebook.com\/pvs.software\/\" \/>\n<meta name=\"twitter:card\" content=\"summary_large_image\" \/>\n<script type=\"application\/ld+json\" class=\"yoast-schema-graph\">{\"@context\":\"https:\\\/\\\/schema.org\",\"@graph\":[{\"@type\":\"WebPage\",\"@id\":\"https:\\\/\\\/www.pvsid.com\\\/fr\\\/trouver-une-date\\\/\",\"url\":\"https:\\\/\\\/www.pvsid.com\\\/fr\\\/trouver-une-date\\\/\",\"name\":\"PVS | Trouver une date\",\"isPartOf\":{\"@id\":\"https:\\\/\\\/www.pvsid.com\\\/fr\\\/#website\"},\"datePublished\":\"2024-01-17T13:15:17+00:00\",\"breadcrumb\":{\"@id\":\"https:\\\/\\\/www.pvsid.com\\\/fr\\\/trouver-une-date\\\/#breadcrumb\"},\"inLanguage\":\"fr-FR\",\"potentialAction\":[{\"@type\":\"ReadAction\",\"target\":[\"https:\\\/\\\/www.pvsid.com\\\/fr\\\/trouver-une-date\\\/\"]}]},{\"@type\":\"BreadcrumbList\",\"@id\":\"https:\\\/\\\/www.pvsid.com\\\/fr\\\/trouver-une-date\\\/#breadcrumb\",\"itemListElement\":[{\"@type\":\"ListItem\",\"position\":1,\"name\":\"Startseite\",\"item\":\"https:\\\/\\\/www.pvsid.com\\\/fr\\\/\"},{\"@type\":\"ListItem\",\"position\":2,\"name\":\"Trouver une date\"}]},{\"@type\":\"WebSite\",\"@id\":\"https:\\\/\\\/www.pvsid.com\\\/fr\\\/#website\",\"url\":\"https:\\\/\\\/www.pvsid.com\\\/fr\\\/\",\"name\":\"PVS\",\"description\":\"Betriebs\u00admittel verwalten\",\"publisher\":{\"@id\":\"https:\\\/\\\/www.pvsid.com\\\/fr\\\/#organization\"},\"alternateName\":\"Kunden- und Produktverwaltung\",\"potentialAction\":[{\"@type\":\"SearchAction\",\"target\":{\"@type\":\"EntryPoint\",\"urlTemplate\":\"https:\\\/\\\/www.pvsid.com\\\/fr\\\/?s={search_term_string}\"},\"query-input\":{\"@type\":\"PropertyValueSpecification\",\"valueRequired\":true,\"valueName\":\"search_term_string\"}}],\"inLanguage\":\"fr-FR\"},{\"@type\":\"Organization\",\"@id\":\"https:\\\/\\\/www.pvsid.com\\\/fr\\\/#organization\",\"name\":\"PVS\",\"alternateName\":\"Kunden- und Produktverwaltung\",\"url\":\"https:\\\/\\\/www.pvsid.com\\\/fr\\\/\",\"logo\":{\"@type\":\"ImageObject\",\"inLanguage\":\"fr-FR\",\"@id\":\"https:\\\/\\\/www.pvsid.com\\\/fr\\\/#\\\/schema\\\/logo\\\/image\\\/\",\"url\":\"https:\\\/\\\/www.pvsid.com\\\/wp-content\\\/uploads\\\/2023\\\/12\\\/pvs-logo.svg\",\"contentUrl\":\"https:\\\/\\\/www.pvsid.com\\\/wp-content\\\/uploads\\\/2023\\\/12\\\/pvs-logo.svg\",\"width\":110,\"height\":110,\"caption\":\"PVS\"},\"image\":{\"@id\":\"https:\\\/\\\/www.pvsid.com\\\/fr\\\/#\\\/schema\\\/logo\\\/image\\\/\"},\"sameAs\":[\"https:\\\/\\\/www.facebook.com\\\/pvs.software\\\/\",\"https:\\\/\\\/www.youtube.com\\\/@pvs.schenktzeitmachthappy2885\",\"https:\\\/\\\/www.linkedin.com\\\/company\\\/pvs-produkteverwaltungssoftware\\\/\"]}]}<\/script>\n<!-- \/ Yoast SEO plugin. -->","yoast_head_json":{"title":"PVS | Trouver une date","robots":{"index":"index","follow":"follow","max-snippet":"max-snippet:-1","max-image-preview":"max-image-preview:large","max-video-preview":"max-video-preview:-1"},"canonical":"https:\/\/www.pvsid.com\/fr\/trouver-une-date\/","og_locale":"fr_FR","og_type":"article","og_title":"PVS | Trouver une date","og_description":"R\u00e9server une date Veuillez choisir un rendez-vous pendant nos heures de bureau g\u00e9n\u00e9rales :du lundi au jeudi de 8h00 \u00e0 17h00","og_url":"https:\/\/www.pvsid.com\/fr\/trouver-une-date\/","og_site_name":"PVS","article_publisher":"https:\/\/www.facebook.com\/pvs.software\/","twitter_card":"summary_large_image","schema":{"@context":"https:\/\/schema.org","@graph":[{"@type":"WebPage","@id":"https:\/\/www.pvsid.com\/fr\/trouver-une-date\/","url":"https:\/\/www.pvsid.com\/fr\/trouver-une-date\/","name":"PVS | Trouver une date","isPartOf":{"@id":"https:\/\/www.pvsid.com\/fr\/#website"},"datePublished":"2024-01-17T13:15:17+00:00","breadcrumb":{"@id":"https:\/\/www.pvsid.com\/fr\/trouver-une-date\/#breadcrumb"},"inLanguage":"fr-FR","potentialAction":[{"@type":"ReadAction","target":["https:\/\/www.pvsid.com\/fr\/trouver-une-date\/"]}]},{"@type":"BreadcrumbList","@id":"https:\/\/www.pvsid.com\/fr\/trouver-une-date\/#breadcrumb","itemListElement":[{"@type":"ListItem","position":1,"name":"Startseite","item":"https:\/\/www.pvsid.com\/fr\/"},{"@type":"ListItem","position":2,"name":"Trouver une date"}]},{"@type":"WebSite","@id":"https:\/\/www.pvsid.com\/fr\/#website","url":"https:\/\/www.pvsid.com\/fr\/","name":"PVS","description":"Betriebs\u00admittel verwalten","publisher":{"@id":"https:\/\/www.pvsid.com\/fr\/#organization"},"alternateName":"Kunden- und Produktverwaltung","potentialAction":[{"@type":"SearchAction","target":{"@type":"EntryPoint","urlTemplate":"https:\/\/www.pvsid.com\/fr\/?s={search_term_string}"},"query-input":{"@type":"PropertyValueSpecification","valueRequired":true,"valueName":"search_term_string"}}],"inLanguage":"fr-FR"},{"@type":"Organization","@id":"https:\/\/www.pvsid.com\/fr\/#organization","name":"PVS","alternateName":"Kunden- und Produktverwaltung","url":"https:\/\/www.pvsid.com\/fr\/","logo":{"@type":"ImageObject","inLanguage":"fr-FR","@id":"https:\/\/www.pvsid.com\/fr\/#\/schema\/logo\/image\/","url":"https:\/\/www.pvsid.com\/wp-content\/uploads\/2023\/12\/pvs-logo.svg","contentUrl":"https:\/\/www.pvsid.com\/wp-content\/uploads\/2023\/12\/pvs-logo.svg","width":110,"height":110,"caption":"PVS"},"image":{"@id":"https:\/\/www.pvsid.com\/fr\/#\/schema\/logo\/image\/"},"sameAs":["https:\/\/www.facebook.com\/pvs.software\/","https:\/\/www.youtube.com\/@pvs.schenktzeitmachthappy2885","https:\/\/www.linkedin.com\/company\/pvs-produkteverwaltungssoftware\/"]}]}},"_links":{"self":[{"href":"https:\/\/www.pvsid.com\/fr\/wp-json\/wp\/v2\/pages\/3349","targetHints":{"allow":["GET"]}}],"collection":[{"href":"https:\/\/www.pvsid.com\/fr\/wp-json\/wp\/v2\/pages"}],"about":[{"href":"https:\/\/www.pvsid.com\/fr\/wp-json\/wp\/v2\/types\/page"}],"author":[{"embeddable":true,"href":"https:\/\/www.pvsid.com\/fr\/wp-json\/wp\/v2\/users\/1"}],"replies":[{"embeddable":true,"href":"https:\/\/www.pvsid.com\/fr\/wp-json\/wp\/v2\/comments?post=3349"}],"version-history":[{"count":0,"href":"https:\/\/www.pvsid.com\/fr\/wp-json\/wp\/v2\/pages\/3349\/revisions"}],"wp:attachment":[{"href":"https:\/\/www.pvsid.com\/fr\/wp-json\/wp\/v2\/media?parent=3349"}],"curies":[{"name":"wp","href":"https:\/\/api.w.org\/{rel}","templated":true}]}}